{"id":167,"date":"2023-09-01T18:25:33","date_gmt":"2023-09-01T18:25:33","guid":{"rendered":"https:\/\/roucogarciaarquitectos.es\/?page_id=167"},"modified":"2023-09-07T15:39:41","modified_gmt":"2023-09-07T15:39:41","slug":"noticias","status":"publish","type":"page","link":"https:\/\/roucogarciaarquitectos.es\/index.php\/noticias\/","title":{"rendered":"Noticias"},"content":{"rendered":"<p>[et_pb_section fb_built=\u00bb1&#8243; admin_label=\u00bbBlog\u00bb _builder_version=\u00bb4.18.0&#8243; _module_preset=\u00bbdefault\u00bb custom_padding=\u00bb0px||||false|false\u00bb collapsed=\u00bbon\u00bb global_colors_info=\u00bb{}\u00bb][et_pb_row _builder_version=\u00bb4.18.0&#8243; _module_preset=\u00bbdefault\u00bb global_colors_info=\u00bb{}\u00bb][et_pb_column type=\u00bb4_4&#8243; _builder_version=\u00bb4.18.0&#8243; _module_preset=\u00bbdefault\u00bb global_colors_info=\u00bb{}\u00bb][et_pb_text _builder_version=\u00bb4.21.0&#8243; _module_preset=\u00bbc16985e1-e0d6-4022-964d-e2bfc04fa633&#8243; header_font=\u00bbSpace Grotesk|500|||||||\u00bb header_text_color=\u00bb#000000&#8243; header_font_size=\u00bb80px\u00bb header_line_height=\u00bb1.2em\u00bb header_font_size_tablet=\u00bb40px\u00bb header_font_size_phone=\u00bb24px\u00bb header_font_size_last_edited=\u00bbon|desktop\u00bb global_colors_info=\u00bb{}\u00bb]<\/p>\n<h1>Noticias<\/h1>\n<p>[\/et_pb_text][\/et_pb_column][\/et_pb_row][et_pb_row column_structure=\u00bb2_3,1_3&#8243; use_custom_gutter=\u00bbon\u00bb gutter_width=\u00bb2&#8243; _builder_version=\u00bb4.18.0&#8243; _module_preset=\u00bbdefault\u00bb custom_padding=\u00bb||0px||false|false\u00bb global_colors_info=\u00bb{}\u00bb][et_pb_column type=\u00bb2_3&#8243; _builder_version=\u00bb4.18.0&#8243; _module_preset=\u00bbdefault\u00bb global_colors_info=\u00bb{}\u00bb][et_pb_blog posts_number=\u00bb1&#8243; show_author=\u00bboff\u00bb show_date=\u00bboff\u00bb show_pagination=\u00bboff\u00bb _builder_version=\u00bb4.19.0&#8243; _module_preset=\u00bb1dabccf4-86c8-432f-804d-c6f13b50e5ce\u00bb header_font=\u00bbSpace Grotesk|700|||||||\u00bb header_font_size=\u00bb28px\u00bb body_font=\u00bbWork Sans||||||||\u00bb body_text_color=\u00bbgcid-869f4c9d-6bb0-4a5e-ae84-784939b37d36&#8243; body_line_height=\u00bb1.6em\u00bb meta_font=\u00bbWork Sans|500|||||||\u00bb meta_text_color=\u00bb#6b7473&#8243; meta_font_size=\u00bb16px\u00bb read_more_font=\u00bbWork Sans|700||on|||||\u00bb read_more_text_color=\u00bb#000000&#8243; read_more_letter_spacing=\u00bb1px\u00bb pagination_font=\u00bbWork Sans|700||on|||||\u00bb pagination_text_color=\u00bb#000000&#8243; pagination_letter_spacing=\u00bb1px\u00bb header_font_size_tablet=\u00bb20px\u00bb header_font_size_phone=\u00bb18px\u00bb header_font_size_last_edited=\u00bbon|phone\u00bb meta_font_size_tablet=\u00bb15px\u00bb meta_font_size_phone=\u00bb14px\u00bb meta_font_size_last_edited=\u00bbon|desktop\u00bb border_width_all=\u00bb0px\u00bb locked=\u00bboff\u00bb global_colors_info=\u00bb{%22gcid-869f4c9d-6bb0-4a5e-ae84-784939b37d36%22:%91%22body_text_color%22%93}\u00bb][\/et_pb_blog][\/et_pb_column][et_pb_column type=\u00bb1_3&#8243; _builder_version=\u00bb4.18.0&#8243; _module_preset=\u00bbdefault\u00bb global_colors_info=\u00bb{}\u00bb][et_pb_blog posts_number=\u00bb3&#8243; show_thumbnail=\u00bboff\u00bb use_manual_excerpt=\u00bboff\u00bb excerpt_length=\u00bb100&#8243; show_author=\u00bboff\u00bb show_categories=\u00bboff\u00bb show_pagination=\u00bboff\u00bb _builder_version=\u00bb4.19.0&#8243; _module_preset=\u00bb1dabccf4-86c8-432f-804d-c6f13b50e5ce\u00bb header_font=\u00bbSpace Grotesk|700|||||||\u00bb header_font_size=\u00bb20px\u00bb body_font=\u00bbWork Sans||||||||\u00bb body_text_color=\u00bbgcid-869f4c9d-6bb0-4a5e-ae84-784939b37d36&#8243; body_line_height=\u00bb1.6em\u00bb meta_font=\u00bbWork Sans|500|||||||\u00bb meta_text_color=\u00bb#6b7473&#8243; meta_font_size=\u00bb16px\u00bb read_more_font=\u00bbWork Sans|700||on|||||\u00bb read_more_text_color=\u00bb#000000&#8243; read_more_letter_spacing=\u00bb1px\u00bb pagination_font=\u00bbWork Sans|700||on|||||\u00bb pagination_text_color=\u00bb#000000&#8243; pagination_letter_spacing=\u00bb1px\u00bb header_font_size_tablet=\u00bb16px\u00bb header_font_size_phone=\u00bb15px\u00bb header_font_size_last_edited=\u00bbon|desktop\u00bb meta_font_size_tablet=\u00bb15px\u00bb meta_font_size_phone=\u00bb14px\u00bb meta_font_size_last_edited=\u00bbon|desktop\u00bb border_width_all=\u00bb0px\u00bb border_color_all_fullwidth=\u00bb#000000&#8243; border_width_bottom_fullwidth=\u00bb1px\u00bb locked=\u00bboff\u00bb global_colors_info=\u00bb{%22gcid-869f4c9d-6bb0-4a5e-ae84-784939b37d36%22:%91%22body_text_color%22,%22body_text_color%22%93}\u00bb][\/et_pb_blog][\/et_pb_column][\/et_pb_row][et_pb_row _builder_version=\u00bb4.18.0&#8243; _module_preset=\u00bbdefault\u00bb custom_padding=\u00bb0px||||false|false\u00bb global_colors_info=\u00bb{}\u00bb][et_pb_column type=\u00bb4_4&#8243; _builder_version=\u00bb4.18.0&#8243; _module_preset=\u00bbdefault\u00bb global_colors_info=\u00bb{}\u00bb][et_pb_blog fullwidth=\u00bboff\u00bb posts_number=\u00bb3&#8243; use_manual_excerpt=\u00bboff\u00bb excerpt_length=\u00bb100&#8243; show_author=\u00bboff\u00bb show_date=\u00bboff\u00bb _builder_version=\u00bb4.18.0&#8243; _module_preset=\u00bb1dabccf4-86c8-432f-804d-c6f13b50e5ce\u00bb header_font=\u00bbSpace Grotesk|700|||||||\u00bb header_font_size=\u00bb20px\u00bb body_font=\u00bbWork Sans||||||||\u00bb body_text_color=\u00bbgcid-869f4c9d-6bb0-4a5e-ae84-784939b37d36&#8243; body_line_height=\u00bb1.6em\u00bb meta_font=\u00bbWork Sans|500|||||||\u00bb meta_text_color=\u00bb#6b7473&#8243; meta_font_size=\u00bb16px\u00bb read_more_font=\u00bbWork Sans|700||on|||||\u00bb read_more_text_color=\u00bb#000000&#8243; read_more_letter_spacing=\u00bb1px\u00bb pagination_font=\u00bbWork Sans|700||on|||||\u00bb pagination_text_color=\u00bb#000000&#8243; pagination_letter_spacing=\u00bb1px\u00bb header_font_size_tablet=\u00bb16px\u00bb header_font_size_phone=\u00bb15px\u00bb header_font_size_last_edited=\u00bbon|desktop\u00bb meta_font_size_tablet=\u00bb15px\u00bb meta_font_size_phone=\u00bb14px\u00bb meta_font_size_last_edited=\u00bbon|desktop\u00bb border_width_all=\u00bb0px\u00bb locked=\u00bboff\u00bb global_colors_info=\u00bb{%22gcid-869f4c9d-6bb0-4a5e-ae84-784939b37d36%22:%91%22body_text_color%22%93}\u00bb][\/et_pb_blog][\/et_pb_column][\/et_pb_row][\/et_pb_section][et_pb_section fb_built=\u00bb1&#8243; admin_label=\u00bbContact\u00bb _builder_version=\u00bb4.16&#8243; background_color=\u00bb#1b1b1b\u00bb custom_padding=\u00bb100px|0px|100px|0px\u00bb global_colors_info=\u00bb{}\u00bb][et_pb_row column_structure=\u00bb1_2,1_2&#8243; _builder_version=\u00bb4.16&#8243; global_colors_info=\u00bb{}\u00bb][et_pb_column type=\u00bb1_2&#8243; _builder_version=\u00bb4.16&#8243; custom_padding=\u00bb|||\u00bb global_colors_info=\u00bb{}\u00bb custom_padding__hover=\u00bb|||\u00bb][et_pb_text _builder_version=\u00bb4.21.0&#8243; text_font=\u00bbKarla||||||||\u00bb text_text_color=\u00bbrgba(255,255,255,0.7)\u00bb text_font_size=\u00bb18px\u00bb text_line_height=\u00bb1.8em\u00bb header_font=\u00bb||||||||\u00bb header_2_font=\u00bbCormorant Garamond||||||||\u00bb header_2_font_size=\u00bb40px\u00bb header_2_line_height=\u00bb1.4em\u00bb header_3_font=\u00bb||||||||\u00bb background_layout=\u00bbdark\u00bb max_width=\u00bb600px\u00bb locked=\u00bboff\u00bb global_colors_info=\u00bb{}\u00bb]<\/p>\n<h2><\/h2>\n<p>Contacta con nosotros y resolveremos todas tus dudas. Estamos encantados de atenderte.<\/p>\n<h2><strong>Estamos en:<\/strong><\/h2>\n<p>Plaza del Ayuntamiento n\u00ba5, bajo Vegadeo\/ A Veiga (Asturias)<br \/>R\u00faa Ram\u00f3n Cabanillas n\u00ba 40, 6 dcha (A Coru\u00f1a)<br \/>Urb. Os Alargos II, San Mart\u00edn de Guillar, Outeiro de Rei (Lugo)<\/p>\n<h2><strong>Tel\u00e9fono:<\/strong><\/h2>\n<p><strong><span>649 65 79 69 &#8211; 606 77 77 39<\/span><\/strong><\/p>\n<p>[\/et_pb_text][\/et_pb_column][et_pb_column type=\u00bb1_2&#8243; _builder_version=\u00bb4.16&#8243; custom_padding=\u00bb|||\u00bb global_colors_info=\u00bb{}\u00bb custom_padding__hover=\u00bb|||\u00bb][et_pb_contact_form captcha=\u00bboff\u00bb module_id=\u00bbet_pb_contact_form_0&#8243; _builder_version=\u00bb4.21.0&#8243; form_field_background_color=\u00bb#242424&#8243; form_field_text_color=\u00bbrgba(255,255,255,0.5)\u00bb form_field_font=\u00bbKarla||||||||\u00bb form_field_font_size=\u00bb16px\u00bb custom_button=\u00bbon\u00bb button_text_size=\u00bb15px\u00bb button_text_color=\u00bb#c2ab92&#8243; button_border_width=\u00bb0px\u00bb button_letter_spacing=\u00bb1px\u00bb button_font=\u00bbKarla|700||on|||||\u00bb button_icon=\u00bb&#x4b;||divi||400&#8243; button_icon_placement=\u00bbleft\u00bb button_on_hover=\u00bboff\u00bb custom_padding=\u00bb|||\u00bb form_background_color=\u00bb#242424&#8243; global_colors_info=\u00bb{}\u00bb][et_pb_contact_field field_id=\u00bbName\u00bb field_title=\u00bbNombre\u00bb _builder_version=\u00bb4.21.0&#8243; global_colors_info=\u00bb{}\u00bb button_text_size__hover_enabled=\u00bboff\u00bb button_one_text_size__hover_enabled=\u00bboff\u00bb button_two_text_size__hover_enabled=\u00bboff\u00bb button_text_color__hover_enabled=\u00bboff\u00bb button_one_text_color__hover_enabled=\u00bboff\u00bb button_two_text_color__hover_enabled=\u00bboff\u00bb button_border_width__hover_enabled=\u00bboff\u00bb button_one_border_width__hover_enabled=\u00bboff\u00bb button_two_border_width__hover_enabled=\u00bboff\u00bb button_border_color__hover_enabled=\u00bboff\u00bb button_one_border_color__hover_enabled=\u00bboff\u00bb button_two_border_color__hover_enabled=\u00bboff\u00bb button_border_radius__hover_enabled=\u00bboff\u00bb button_one_border_radius__hover_enabled=\u00bboff\u00bb button_two_border_radius__hover_enabled=\u00bboff\u00bb button_letter_spacing__hover_enabled=\u00bboff\u00bb button_one_letter_spacing__hover_enabled=\u00bboff\u00bb button_two_letter_spacing__hover_enabled=\u00bboff\u00bb button_bg_color__hover_enabled=\u00bboff\u00bb button_one_bg_color__hover_enabled=\u00bboff\u00bb button_two_bg_color__hover_enabled=\u00bboff\u00bb][\/et_pb_contact_field][et_pb_contact_field field_id=\u00bbEmail\u00bb field_title=\u00bbEmail\u00bb field_type=\u00bbemail\u00bb _builder_version=\u00bb4.21.0&#8243; global_colors_info=\u00bb{}\u00bb button_text_size__hover_enabled=\u00bboff\u00bb button_one_text_size__hover_enabled=\u00bboff\u00bb button_two_text_size__hover_enabled=\u00bboff\u00bb button_text_color__hover_enabled=\u00bboff\u00bb button_one_text_color__hover_enabled=\u00bboff\u00bb button_two_text_color__hover_enabled=\u00bboff\u00bb button_border_width__hover_enabled=\u00bboff\u00bb button_one_border_width__hover_enabled=\u00bboff\u00bb button_two_border_width__hover_enabled=\u00bboff\u00bb button_border_color__hover_enabled=\u00bboff\u00bb button_one_border_color__hover_enabled=\u00bboff\u00bb button_two_border_color__hover_enabled=\u00bboff\u00bb button_border_radius__hover_enabled=\u00bboff\u00bb button_one_border_radius__hover_enabled=\u00bboff\u00bb button_two_border_radius__hover_enabled=\u00bboff\u00bb button_letter_spacing__hover_enabled=\u00bboff\u00bb button_one_letter_spacing__hover_enabled=\u00bboff\u00bb button_two_letter_spacing__hover_enabled=\u00bboff\u00bb button_bg_color__hover_enabled=\u00bboff\u00bb button_one_bg_color__hover_enabled=\u00bboff\u00bb button_two_bg_color__hover_enabled=\u00bboff\u00bb][\/et_pb_contact_field][et_pb_contact_field field_id=\u00bbMessage\u00bb field_title=\u00bbMensaje\u00bb field_type=\u00bbtext\u00bb fullwidth_field=\u00bbon\u00bb _builder_version=\u00bb4.21.0&#8243; global_colors_info=\u00bb{}\u00bb button_text_size__hover_enabled=\u00bboff\u00bb button_one_text_size__hover_enabled=\u00bboff\u00bb button_two_text_size__hover_enabled=\u00bboff\u00bb button_text_color__hover_enabled=\u00bboff\u00bb button_one_text_color__hover_enabled=\u00bboff\u00bb button_two_text_color__hover_enabled=\u00bboff\u00bb button_border_width__hover_enabled=\u00bboff\u00bb button_one_border_width__hover_enabled=\u00bboff\u00bb button_two_border_width__hover_enabled=\u00bboff\u00bb button_border_color__hover_enabled=\u00bboff\u00bb button_one_border_color__hover_enabled=\u00bboff\u00bb button_two_border_color__hover_enabled=\u00bboff\u00bb button_border_radius__hover_enabled=\u00bboff\u00bb button_one_border_radius__hover_enabled=\u00bboff\u00bb button_two_border_radius__hover_enabled=\u00bboff\u00bb button_letter_spacing__hover_enabled=\u00bboff\u00bb button_one_letter_spacing__hover_enabled=\u00bboff\u00bb button_two_letter_spacing__hover_enabled=\u00bboff\u00bb button_bg_color__hover_enabled=\u00bboff\u00bb button_one_bg_color__hover_enabled=\u00bboff\u00bb button_two_bg_color__hover_enabled=\u00bboff\u00bb][\/et_pb_contact_field][\/et_pb_contact_form][\/et_pb_column][\/et_pb_row][\/et_pb_section]<\/p>\n","protected":false},"excerpt":{"rendered":"<p>Noticias Contacta con nosotros y resolveremos todas tus dudas. Estamos encantados de atenderte. Estamos en: Plaza del Ayuntamiento n\u00ba5, bajo Vegadeo\/ A Veiga (Asturias)R\u00faa Ram\u00f3n Cabanillas n\u00ba 40, 6 dcha (A Coru\u00f1a)Urb. Os Alargos II, San Mart\u00edn de Guillar, Outeiro de Rei (Lugo) Tel\u00e9fono: 649 65 79 69 &#8211; 606 77 77 39<\/p>\n","protected":false},"author":1,"featured_media":0,"parent":0,"menu_order":0,"comment_status":"closed","ping_status":"closed","template":"","meta":{"_et_pb_use_builder":"on","_et_pb_old_content":"","_et_gb_content_width":"","footnotes":""},"class_list":["post-167","page","type-page","status-publish","hentry"],"yoast_head":"<!-- This site is optimized with the Yoast SEO plugin v21.1 - https:\/\/yoast.com\/wordpress\/plugins\/seo\/ -->\n<title>Noticias - Rouco Garc&iacute;a Arquitectos<\/title>\n<meta name=\"robots\" content=\"index, follow, max-snippet:-1, max-image-preview:large, max-video-preview:-1\" \/>\n<link rel=\"canonical\" href=\"https:\/\/roucogarciaarquitectos.es\/index.php\/noticias\/\" \/>\n<meta property=\"og:locale\" content=\"es_ES\" \/>\n<meta property=\"og:type\" content=\"article\" \/>\n<meta property=\"og:title\" content=\"Noticias - Rouco Garc&iacute;a Arquitectos\" \/>\n<meta property=\"og:description\" content=\"Noticias Contacta con nosotros y resolveremos todas tus dudas. Estamos encantados de atenderte. Estamos en: Plaza del Ayuntamiento n\u00ba5, bajo Vegadeo\/ A Veiga (Asturias)R\u00faa Ram\u00f3n Cabanillas n\u00ba 40, 6 dcha (A Coru\u00f1a)Urb. Os Alargos II, San Mart\u00edn de Guillar, Outeiro de Rei (Lugo) Tel\u00e9fono: 649 65 79 69 - 606 77 77 39\" \/>\n<meta property=\"og:url\" content=\"https:\/\/roucogarciaarquitectos.es\/index.php\/noticias\/\" \/>\n<meta property=\"og:site_name\" content=\"Rouco Garc&iacute;a Arquitectos\" \/>\n<meta property=\"article:modified_time\" content=\"2023-09-07T15:39:41+00:00\" \/>\n<meta name=\"twitter:card\" content=\"summary_large_image\" \/>\n<meta name=\"twitter:label1\" content=\"Tiempo de lectura\" \/>\n\t<meta name=\"twitter:data1\" content=\"7 minutos\" \/>\n<script type=\"application\/ld+json\" class=\"yoast-schema-graph\">{\"@context\":\"https:\/\/schema.org\",\"@graph\":[{\"@type\":\"WebPage\",\"@id\":\"https:\/\/roucogarciaarquitectos.es\/index.php\/noticias\/\",\"url\":\"https:\/\/roucogarciaarquitectos.es\/index.php\/noticias\/\",\"name\":\"Noticias - Rouco Garc&iacute;a Arquitectos\",\"isPartOf\":{\"@id\":\"https:\/\/roucogarciaarquitectos.es\/#website\"},\"datePublished\":\"2023-09-01T18:25:33+00:00\",\"dateModified\":\"2023-09-07T15:39:41+00:00\",\"breadcrumb\":{\"@id\":\"https:\/\/roucogarciaarquitectos.es\/index.php\/noticias\/#breadcrumb\"},\"inLanguage\":\"es\",\"potentialAction\":[{\"@type\":\"ReadAction\",\"target\":[\"https:\/\/roucogarciaarquitectos.es\/index.php\/noticias\/\"]}]},{\"@type\":\"BreadcrumbList\",\"@id\":\"https:\/\/roucogarciaarquitectos.es\/index.php\/noticias\/#breadcrumb\",\"itemListElement\":[{\"@type\":\"ListItem\",\"position\":1,\"name\":\"Portada\",\"item\":\"https:\/\/roucogarciaarquitectos.es\/\"},{\"@type\":\"ListItem\",\"position\":2,\"name\":\"Noticias\"}]},{\"@type\":\"WebSite\",\"@id\":\"https:\/\/roucogarciaarquitectos.es\/#website\",\"url\":\"https:\/\/roucogarciaarquitectos.es\/\",\"name\":\"Rouco Garc&iacute;a Arquitectos\",\"description\":\"\",\"potentialAction\":[{\"@type\":\"SearchAction\",\"target\":{\"@type\":\"EntryPoint\",\"urlTemplate\":\"https:\/\/roucogarciaarquitectos.es\/?s={search_term_string}\"},\"query-input\":\"required name=search_term_string\"}],\"inLanguage\":\"es\"}]}<\/script>\n<!-- \/ Yoast SEO plugin. -->","yoast_head_json":{"title":"Noticias - Rouco Garc&iacute;a Arquitectos","robots":{"index":"index","follow":"follow","max-snippet":"max-snippet:-1","max-image-preview":"max-image-preview:large","max-video-preview":"max-video-preview:-1"},"canonical":"https:\/\/roucogarciaarquitectos.es\/index.php\/noticias\/","og_locale":"es_ES","og_type":"article","og_title":"Noticias - Rouco Garc&iacute;a Arquitectos","og_description":"Noticias Contacta con nosotros y resolveremos todas tus dudas. Estamos encantados de atenderte. Estamos en: Plaza del Ayuntamiento n\u00ba5, bajo Vegadeo\/ A Veiga (Asturias)R\u00faa Ram\u00f3n Cabanillas n\u00ba 40, 6 dcha (A Coru\u00f1a)Urb. Os Alargos II, San Mart\u00edn de Guillar, Outeiro de Rei (Lugo) Tel\u00e9fono: 649 65 79 69 - 606 77 77 39","og_url":"https:\/\/roucogarciaarquitectos.es\/index.php\/noticias\/","og_site_name":"Rouco Garc&iacute;a Arquitectos","article_modified_time":"2023-09-07T15:39:41+00:00","twitter_card":"summary_large_image","twitter_misc":{"Tiempo de lectura":"7 minutos"},"schema":{"@context":"https:\/\/schema.org","@graph":[{"@type":"WebPage","@id":"https:\/\/roucogarciaarquitectos.es\/index.php\/noticias\/","url":"https:\/\/roucogarciaarquitectos.es\/index.php\/noticias\/","name":"Noticias - Rouco Garc&iacute;a Arquitectos","isPartOf":{"@id":"https:\/\/roucogarciaarquitectos.es\/#website"},"datePublished":"2023-09-01T18:25:33+00:00","dateModified":"2023-09-07T15:39:41+00:00","breadcrumb":{"@id":"https:\/\/roucogarciaarquitectos.es\/index.php\/noticias\/#breadcrumb"},"inLanguage":"es","potentialAction":[{"@type":"ReadAction","target":["https:\/\/roucogarciaarquitectos.es\/index.php\/noticias\/"]}]},{"@type":"BreadcrumbList","@id":"https:\/\/roucogarciaarquitectos.es\/index.php\/noticias\/#breadcrumb","itemListElement":[{"@type":"ListItem","position":1,"name":"Portada","item":"https:\/\/roucogarciaarquitectos.es\/"},{"@type":"ListItem","position":2,"name":"Noticias"}]},{"@type":"WebSite","@id":"https:\/\/roucogarciaarquitectos.es\/#website","url":"https:\/\/roucogarciaarquitectos.es\/","name":"Rouco Garc&iacute;a Arquitectos","description":"","potentialAction":[{"@type":"SearchAction","target":{"@type":"EntryPoint","urlTemplate":"https:\/\/roucogarciaarquitectos.es\/?s={search_term_string}"},"query-input":"required name=search_term_string"}],"inLanguage":"es"}]}},"_links":{"self":[{"href":"https:\/\/roucogarciaarquitectos.es\/index.php\/wp-json\/wp\/v2\/pages\/167","targetHints":{"allow":["GET"]}}],"collection":[{"href":"https:\/\/roucogarciaarquitectos.es\/index.php\/wp-json\/wp\/v2\/pages"}],"about":[{"href":"https:\/\/roucogarciaarquitectos.es\/index.php\/wp-json\/wp\/v2\/types\/page"}],"author":[{"embeddable":true,"href":"https:\/\/roucogarciaarquitectos.es\/index.php\/wp-json\/wp\/v2\/users\/1"}],"replies":[{"embeddable":true,"href":"https:\/\/roucogarciaarquitectos.es\/index.php\/wp-json\/wp\/v2\/comments?post=167"}],"version-history":[{"count":5,"href":"https:\/\/roucogarciaarquitectos.es\/index.php\/wp-json\/wp\/v2\/pages\/167\/revisions"}],"predecessor-version":[{"id":200,"href":"https:\/\/roucogarciaarquitectos.es\/index.php\/wp-json\/wp\/v2\/pages\/167\/revisions\/200"}],"wp:attachment":[{"href":"https:\/\/roucogarciaarquitectos.es\/index.php\/wp-json\/wp\/v2\/media?parent=167"}],"curies":[{"name":"wp","href":"https:\/\/api.w.org\/{rel}","templated":true}]}}